{"id":812,"date":"2022-09-13T08:51:17","date_gmt":"2022-09-13T12:51:17","guid":{"rendered":"https:\/\/konstruktion.vamtam.com\/?page_id=812"},"modified":"2024-04-27T09:45:45","modified_gmt":"2024-04-27T13:45:45","slug":"a-propos","status":"publish","type":"page","link":"https:\/\/www.planchersgsm.com\/en\/a-propos\/","title":{"rendered":"About us"},"content":{"rendered":"<div data-elementor-type=\"wp-page\" data-elementor-id=\"812\" class=\"elementor elementor-812\" data-elementor-post-type=\"page\">\n\t\t\t\t\t\t<section class=\"elementor-section elementor-top-section elementor-element elementor-element-0d0b99f elementor-section-content-bottom elementor-section-boxed elementor-section-height-default elementor-section-height-default\" data-id=\"0d0b99f\" data-element_type=\"section\" data-e-type=\"section\">\n\t\t\t\t\t\t<div class=\"elementor-container elementor-column-gap-no\">\n\t\t\t\t\t<div class=\"elementor-column elementor-col-100 elementor-top-column elementor-element elementor-element-2438c86\" data-id=\"2438c86\" data-element_type=\"column\" data-e-type=\"column\">\n\t\t\t<div class=\"elementor-widget-wrap elementor-element-populated\">\n\t\t\t\t\t\t<div class=\"elementor-element elementor-element-21ddcc1 elementor-position-inline-end elementor-widget__width-auto elementor-mobile-position-inline-end elementor-widget-mobile__width-auto elementor-view-default elementor-invisible elementor-widget elementor-widget-icon-box\" data-id=\"21ddcc1\" data-element_type=\"widget\" data-e-type=\"widget\" data-settings=\"{&quot;_animation&quot;:&quot;slideInUp&quot;}\" data-widget_type=\"icon-box.default\">\n\t\t\t\t<div class=\"elementor-widget-container\">\n\t\t\t\t\t\t\t<div class=\"elementor-icon-box-wrapper\">\n\n\t\t\t\t\t\t<div class=\"elementor-icon-box-icon\">\n\t\t\t\t<span  class=\"elementor-icon\">\n\t\t\t\t<i aria-hidden=\"true\" class=\"vamtamtheme- vamtam-theme-line-titles\"><\/i>\t\t\t\t<\/span>\n\t\t\t<\/div>\n\t\t\t\n\t\t\t\t\t\t<div class=\"elementor-icon-box-content\">\n\n\t\t\t\t\t\t\t\t\t<span class=\"elementor-icon-box-title\">\n\t\t\t\t\t\t<span  >\n\t\t\t\t\t\t\tPlanchers GSM\t\t\t\t\t\t<\/span>\n\t\t\t\t\t<\/span>\n\t\t\t\t\n\t\t\t\t\n\t\t\t<\/div>\n\t\t\t\n\t\t<\/div>\n\t\t\t\t\t\t<\/div>\n\t\t\t\t<\/div>\n\t\t\t\t\t<\/div>\n\t\t<\/div>\n\t\t\t\t\t<\/div>\n\t\t<\/section>\n\t\t\t\t<section class=\"elementor-section elementor-top-section elementor-element elementor-element-b48930c elementor-section-content-bottom elementor-section-boxed elementor-section-height-default elementor-section-height-default\" data-id=\"b48930c\" data-element_type=\"section\" data-e-type=\"section\">\n\t\t\t\t\t\t<div class=\"elementor-container elementor-column-gap-no\">\n\t\t\t\t\t<div class=\"elementor-column elementor-col-50 elementor-top-column elementor-element elementor-element-7b028dc\" data-id=\"7b028dc\" data-element_type=\"column\" data-e-type=\"column\">\n\t\t\t<div class=\"elementor-widget-wrap elementor-element-populated\">\n\t\t\t\t\t\t<div class=\"elementor-element elementor-element-f0251a7 elementor-widget elementor-widget-heading\" data-id=\"f0251a7\" data-element_type=\"widget\" data-e-type=\"widget\" data-widget_type=\"heading.default\">\n\t\t\t\t<div class=\"elementor-widget-container\">\n\t\t\t\t\t<h3 class=\"elementor-heading-title elementor-size-default\">About Us<\/h3>\t\t\t\t<\/div>\n\t\t\t\t<\/div>\n\t\t\t\t\t<\/div>\n\t\t<\/div>\n\t\t\t\t<div class=\"elementor-column elementor-col-50 elementor-top-column elementor-element elementor-element-c164149\" data-id=\"c164149\" data-element_type=\"column\" data-e-type=\"column\">\n\t\t\t<div class=\"elementor-widget-wrap elementor-element-populated\">\n\t\t\t\t\t\t<div class=\"vamtam-has-theme-widget-styles elementor-element elementor-element-3348cc0 elementor-widget elementor-widget-text-editor\" data-id=\"3348cc0\" data-element_type=\"widget\" data-e-type=\"widget\" data-widget_type=\"text-editor.default\">\n\t\t\t\t<div class=\"elementor-widget-container\">\n\t\t\t\t\t\t\t\t\t<p>At Planchers GSM, we embody an unparalleled passion for excellence in the world of flooring. Our team, driven by unwavering dedication, commits to exceeding expectations on every project. Honesty and transparency are at the core of our values, ensuring that each client receives fair pricing for superior service.<\/p>\t\t\t\t\t\t\t\t<\/div>\n\t\t\t\t<\/div>\n\t\t\t\t\t<\/div>\n\t\t<\/div>\n\t\t\t\t\t<\/div>\n\t\t<\/section>\n\t\t\t\t<section class=\"elementor-section elementor-top-section elementor-element elementor-element-235873b elementor-section-height-min-height elementor-section-items-stretch elementor-section-boxed elementor-section-height-default\" data-id=\"235873b\" data-element_type=\"section\" data-e-type=\"section\">\n\t\t\t\t\t\t<div class=\"elementor-container elementor-column-gap-no\">\n\t\t\t\t\t<div class=\"elementor-column elementor-col-100 elementor-top-column elementor-element elementor-element-4dc92d4\" data-id=\"4dc92d4\" data-element_type=\"column\" data-e-type=\"column\" data-settings=\"{&quot;background_background&quot;:&quot;classic&quot;}\">\n\t\t\t<div class=\"elementor-widget-wrap\">\n\t\t\t\t\t\t\t<\/div>\n\t\t<\/div>\n\t\t\t\t\t<\/div>\n\t\t<\/section>\n\t\t\t\t<section class=\"elementor-section elementor-top-section elementor-element elementor-element-43a7799 elementor-section-boxed elementor-section-height-default elementor-section-height-default\" data-id=\"43a7799\" data-element_type=\"section\" data-e-type=\"section\" data-settings=\"{&quot;background_background&quot;:&quot;classic&quot;}\">\n\t\t\t\t\t\t<div class=\"elementor-container elementor-column-gap-no\">\n\t\t\t\t\t<div class=\"elementor-column elementor-col-33 elementor-top-column elementor-element elementor-element-53afb36\" data-id=\"53afb36\" data-element_type=\"column\" data-e-type=\"column\">\n\t\t\t<div class=\"elementor-widget-wrap elementor-element-populated\">\n\t\t\t\t\t\t<div class=\"vamtam-has-theme-widget-styles elementor-element elementor-element-0033521 elementor-widget-tablet__width-initial elementor-widget elementor-widget-text-editor\" data-id=\"0033521\" data-element_type=\"widget\" data-e-type=\"widget\" data-widget_type=\"text-editor.default\">\n\t\t\t\t<div class=\"elementor-widget-container\">\n\t\t\t\t\t\t\t\t\t<p>Who Are We?<\/p>\t\t\t\t\t\t\t\t<\/div>\n\t\t\t\t<\/div>\n\t\t\t\t<div class=\"vamtam-has-theme-widget-styles elementor-element elementor-element-285a49a elementor-widget elementor-widget-text-editor\" data-id=\"285a49a\" data-element_type=\"widget\" data-e-type=\"widget\" data-widget_type=\"text-editor.default\">\n\t\t\t\t<div class=\"elementor-widget-container\">\n\t\t\t\t\t\t\t\t\t<p>Planchers GSM, the specialist in<br \/>floor covering that works for YOU!<\/p>\t\t\t\t\t\t\t\t<\/div>\n\t\t\t\t<\/div>\n\t\t\t\t\t<\/div>\n\t\t<\/div>\n\t\t\t\t<div class=\"elementor-column elementor-col-33 elementor-top-column elementor-element elementor-element-17dc087\" data-id=\"17dc087\" data-element_type=\"column\" data-e-type=\"column\">\n\t\t\t<div class=\"elementor-widget-wrap elementor-element-populated\">\n\t\t\t\t\t\t<div class=\"vamtam-has-theme-widget-styles elementor-element elementor-element-b97e6d0 elementor-widget elementor-widget-text-editor\" data-id=\"b97e6d0\" data-element_type=\"widget\" data-e-type=\"widget\" data-widget_type=\"text-editor.default\">\n\t\t\t\t<div class=\"elementor-widget-container\">\n\t\t\t\t\t\t\t\t\t<p>Our Mission<\/p>\t\t\t\t\t\t\t\t<\/div>\n\t\t\t\t<\/div>\n\t\t\t\t<div class=\"elementor-element elementor-element-b110483 elementor-widget elementor-widget-heading\" data-id=\"b110483\" data-element_type=\"widget\" data-e-type=\"widget\" data-widget_type=\"heading.default\">\n\t\t\t\t<div class=\"elementor-widget-container\">\n\t\t\t\t\t<h4 class=\"elementor-heading-title elementor-size-default\">Becoming your trusted partner in the realization of your residential and commercial projects. <\/h4>\t\t\t\t<\/div>\n\t\t\t\t<\/div>\n\t\t\t\t\t<\/div>\n\t\t<\/div>\n\t\t\t\t<div class=\"elementor-column elementor-col-33 elementor-top-column elementor-element elementor-element-b5ebeb7\" data-id=\"b5ebeb7\" data-element_type=\"column\" data-e-type=\"column\">\n\t\t\t<div class=\"elementor-widget-wrap elementor-element-populated\">\n\t\t\t\t\t\t<div class=\"vamtam-has-theme-widget-styles elementor-element elementor-element-91b2692 elementor-widget elementor-widget-text-editor\" data-id=\"91b2692\" data-element_type=\"widget\" data-e-type=\"widget\" data-widget_type=\"text-editor.default\">\n\t\t\t\t<div class=\"elementor-widget-container\">\n\t\t\t\t\t\t\t\t\t<p>Core Values<\/p>\t\t\t\t\t\t\t\t<\/div>\n\t\t\t\t<\/div>\n\t\t\t\t<div class=\"elementor-element elementor-element-8bb6095 elementor-widget elementor-widget-heading\" data-id=\"8bb6095\" data-element_type=\"widget\" data-e-type=\"widget\" data-widget_type=\"heading.default\">\n\t\t\t\t<div class=\"elementor-widget-container\">\n\t\t\t\t\t<h4 class=\"elementor-heading-title elementor-size-default\">Expertise. Rigor. Dedication. Honesty. Determination.<\/h4>\t\t\t\t<\/div>\n\t\t\t\t<\/div>\n\t\t\t\t\t<\/div>\n\t\t<\/div>\n\t\t\t\t\t<\/div>\n\t\t<\/section>\n\t\t\t\t<\/div>","protected":false},"excerpt":{"rendered":"<p>D\u00e9couvrez l&rsquo;expertise de Planchers GSM \u00e0 travers notre galerie de r\u00e9alisations dans la r\u00e9gio de Montr\u00e9al. Sp\u00e9cialis\u00e9s dans l&rsquo;installation de planchers de haute qualit\u00e9, nous mettons notre savoir-faire au service de votre int\u00e9rieur. Nos sols \u00e9l\u00e9gants et durables sont con\u00e7us pour transformer et valoriser chaque espace. Parcourez notre s\u00e9lection vari\u00e9e pour trouver le style qui vous correspond et laissez-nous cr\u00e9er l&rsquo;ambiance parfaite pour votre maison ou votre entreprise.<\/p>","protected":false},"author":1,"featured_media":988221,"parent":0,"menu_order":0,"comment_status":"closed","ping_status":"closed","template":"","meta":{"footnotes":""},"class_list":["post-812","page","type-page","status-publish","has-post-thumbnail","hentry"],"yoast_head":"<!-- This site is optimized with the Yoast SEO plugin v27.4 - https:\/\/yoast.com\/product\/yoast-seo-wordpress\/ -->\n<title>\u00c0 propos - Planchers GSM<\/title>\n<meta name=\"description\" content=\"D\u00e9couvrez Planchers GSM, votre sp\u00e9cialiste en planchers \u00e0 Montr\u00e9al. Passionn\u00e9s de qualit\u00e9 et d\u00e9di\u00e9s \u00e0 votre satisfaction.\" \/>\n<meta name=\"robots\" content=\"index, follow, max-snippet:-1, max-image-preview:large, max-video-preview:-1\" \/>\n<link rel=\"canonical\" href=\"https:\/\/www.planchersgsm.com\/en\/a-propos\/\" \/>\n<meta property=\"og:locale\" content=\"en_US\" \/>\n<meta property=\"og:type\" content=\"article\" \/>\n<meta property=\"og:title\" content=\"\u00c0 propos - Planchers GSM\" \/>\n<meta property=\"og:description\" content=\"D\u00e9couvrez Planchers GSM, votre sp\u00e9cialiste en planchers \u00e0 Montr\u00e9al. Passionn\u00e9s de qualit\u00e9 et d\u00e9di\u00e9s \u00e0 votre satisfaction.\" \/>\n<meta property=\"og:url\" content=\"https:\/\/www.planchersgsm.com\/en\/a-propos\/\" \/>\n<meta property=\"og:site_name\" content=\"Planchers GSM\" \/>\n<meta property=\"article:publisher\" content=\"https:\/\/www.facebook.com\/DecoSurfacesLaPrairieQC\" \/>\n<meta property=\"article:modified_time\" content=\"2024-04-27T13:45:45+00:00\" \/>\n<meta property=\"og:image\" content=\"https:\/\/www.planchersgsm.com\/wp-content\/uploads\/2022\/10\/Pied-de-page_plancher_01.webp\" \/>\n\t<meta property=\"og:image:width\" content=\"1794\" \/>\n\t<meta property=\"og:image:height\" content=\"898\" \/>\n\t<meta property=\"og:image:type\" content=\"image\/webp\" \/>\n<meta name=\"twitter:card\" content=\"summary_large_image\" \/>\n<meta name=\"twitter:label1\" content=\"Est. reading time\" \/>\n\t<meta name=\"twitter:data1\" content=\"1 minute\" \/>\n<script type=\"application\/ld+json\" class=\"yoast-schema-graph\">{\"@context\":\"https:\\\/\\\/schema.org\",\"@graph\":[{\"@type\":\"WebPage\",\"@id\":\"https:\\\/\\\/www.planchersgsm.com\\\/a-propos\\\/\",\"url\":\"https:\\\/\\\/www.planchersgsm.com\\\/a-propos\\\/\",\"name\":\"\u00c0 propos - Planchers GSM\",\"isPartOf\":{\"@id\":\"https:\\\/\\\/www.planchersgsm.com\\\/#website\"},\"primaryImageOfPage\":{\"@id\":\"https:\\\/\\\/www.planchersgsm.com\\\/a-propos\\\/#primaryimage\"},\"image\":{\"@id\":\"https:\\\/\\\/www.planchersgsm.com\\\/a-propos\\\/#primaryimage\"},\"thumbnailUrl\":\"https:\\\/\\\/www.planchersgsm.com\\\/wp-content\\\/uploads\\\/2022\\\/10\\\/Pied-de-page_plancher_01.webp\",\"datePublished\":\"2022-09-13T12:51:17+00:00\",\"dateModified\":\"2024-04-27T13:45:45+00:00\",\"description\":\"D\u00e9couvrez Planchers GSM, votre sp\u00e9cialiste en planchers \u00e0 Montr\u00e9al. Passionn\u00e9s de qualit\u00e9 et d\u00e9di\u00e9s \u00e0 votre satisfaction.\",\"breadcrumb\":{\"@id\":\"https:\\\/\\\/www.planchersgsm.com\\\/a-propos\\\/#breadcrumb\"},\"inLanguage\":\"en-CA\",\"potentialAction\":[{\"@type\":\"ReadAction\",\"target\":[\"https:\\\/\\\/www.planchersgsm.com\\\/a-propos\\\/\"]}]},{\"@type\":\"ImageObject\",\"inLanguage\":\"en-CA\",\"@id\":\"https:\\\/\\\/www.planchersgsm.com\\\/a-propos\\\/#primaryimage\",\"url\":\"https:\\\/\\\/www.planchersgsm.com\\\/wp-content\\\/uploads\\\/2022\\\/10\\\/Pied-de-page_plancher_01.webp\",\"contentUrl\":\"https:\\\/\\\/www.planchersgsm.com\\\/wp-content\\\/uploads\\\/2022\\\/10\\\/Pied-de-page_plancher_01.webp\",\"width\":1794,\"height\":898},{\"@type\":\"BreadcrumbList\",\"@id\":\"https:\\\/\\\/www.planchersgsm.com\\\/a-propos\\\/#breadcrumb\",\"itemListElement\":[{\"@type\":\"ListItem\",\"position\":1,\"name\":\"Accueil\",\"item\":\"https:\\\/\\\/www.planchersgsm.com\\\/fr\\\/\"},{\"@type\":\"ListItem\",\"position\":2,\"name\":\"\u00c0 propos\"}]},{\"@type\":\"WebSite\",\"@id\":\"https:\\\/\\\/www.planchersgsm.com\\\/#website\",\"url\":\"https:\\\/\\\/www.planchersgsm.com\\\/\",\"name\":\"Planchers GSM\",\"description\":\"Plancher GSM est le sp&eacute;cialiste du rev&ecirc;tement de sol sur la Rive-Sud de Montr&eacute;al.\",\"publisher\":{\"@id\":\"https:\\\/\\\/www.planchersgsm.com\\\/#organization\"},\"potentialAction\":[{\"@type\":\"SearchAction\",\"target\":{\"@type\":\"EntryPoint\",\"urlTemplate\":\"https:\\\/\\\/www.planchersgsm.com\\\/?s={search_term_string}\"},\"query-input\":{\"@type\":\"PropertyValueSpecification\",\"valueRequired\":true,\"valueName\":\"search_term_string\"}}],\"inLanguage\":\"en-CA\"},{\"@type\":\"Organization\",\"@id\":\"https:\\\/\\\/www.planchersgsm.com\\\/#organization\",\"name\":\"Planchers GSM\",\"url\":\"https:\\\/\\\/www.planchersgsm.com\\\/\",\"logo\":{\"@type\":\"ImageObject\",\"inLanguage\":\"en-CA\",\"@id\":\"https:\\\/\\\/www.planchersgsm.com\\\/#\\\/schema\\\/logo\\\/image\\\/\",\"url\":\"https:\\\/\\\/www.planchersgsm.com\\\/wp-content\\\/uploads\\\/2023\\\/10\\\/FAVicon_PGSM.png\",\"contentUrl\":\"https:\\\/\\\/www.planchersgsm.com\\\/wp-content\\\/uploads\\\/2023\\\/10\\\/FAVicon_PGSM.png\",\"width\":151,\"height\":151,\"caption\":\"Planchers GSM\"},\"image\":{\"@id\":\"https:\\\/\\\/www.planchersgsm.com\\\/#\\\/schema\\\/logo\\\/image\\\/\"},\"sameAs\":[\"https:\\\/\\\/www.facebook.com\\\/DecoSurfacesLaPrairieQC\",\"https:\\\/\\\/www.linkedin.com\\\/company\\\/planchers-gsm-la-prairie\\\/\"]}]}<\/script>\n<!-- \/ Yoast SEO plugin. -->","yoast_head_json":{"title":"\u00c0 propos - Planchers GSM","description":"D\u00e9couvrez Planchers GSM, votre sp\u00e9cialiste en planchers \u00e0 Montr\u00e9al. Passionn\u00e9s de qualit\u00e9 et d\u00e9di\u00e9s \u00e0 votre satisfaction.","robots":{"index":"index","follow":"follow","max-snippet":"max-snippet:-1","max-image-preview":"max-image-preview:large","max-video-preview":"max-video-preview:-1"},"canonical":"https:\/\/www.planchersgsm.com\/en\/a-propos\/","og_locale":"en_US","og_type":"article","og_title":"\u00c0 propos - Planchers GSM","og_description":"D\u00e9couvrez Planchers GSM, votre sp\u00e9cialiste en planchers \u00e0 Montr\u00e9al. Passionn\u00e9s de qualit\u00e9 et d\u00e9di\u00e9s \u00e0 votre satisfaction.","og_url":"https:\/\/www.planchersgsm.com\/en\/a-propos\/","og_site_name":"Planchers GSM","article_publisher":"https:\/\/www.facebook.com\/DecoSurfacesLaPrairieQC","article_modified_time":"2024-04-27T13:45:45+00:00","og_image":[{"width":1794,"height":898,"url":"https:\/\/www.planchersgsm.com\/wp-content\/uploads\/2022\/10\/Pied-de-page_plancher_01.webp","type":"image\/webp"}],"twitter_card":"summary_large_image","twitter_misc":{"Est. reading time":"1 minute"},"schema":{"@context":"https:\/\/schema.org","@graph":[{"@type":"WebPage","@id":"https:\/\/www.planchersgsm.com\/a-propos\/","url":"https:\/\/www.planchersgsm.com\/a-propos\/","name":"\u00c0 propos - Planchers GSM","isPartOf":{"@id":"https:\/\/www.planchersgsm.com\/#website"},"primaryImageOfPage":{"@id":"https:\/\/www.planchersgsm.com\/a-propos\/#primaryimage"},"image":{"@id":"https:\/\/www.planchersgsm.com\/a-propos\/#primaryimage"},"thumbnailUrl":"https:\/\/www.planchersgsm.com\/wp-content\/uploads\/2022\/10\/Pied-de-page_plancher_01.webp","datePublished":"2022-09-13T12:51:17+00:00","dateModified":"2024-04-27T13:45:45+00:00","description":"D\u00e9couvrez Planchers GSM, votre sp\u00e9cialiste en planchers \u00e0 Montr\u00e9al. Passionn\u00e9s de qualit\u00e9 et d\u00e9di\u00e9s \u00e0 votre satisfaction.","breadcrumb":{"@id":"https:\/\/www.planchersgsm.com\/a-propos\/#breadcrumb"},"inLanguage":"en-CA","potentialAction":[{"@type":"ReadAction","target":["https:\/\/www.planchersgsm.com\/a-propos\/"]}]},{"@type":"ImageObject","inLanguage":"en-CA","@id":"https:\/\/www.planchersgsm.com\/a-propos\/#primaryimage","url":"https:\/\/www.planchersgsm.com\/wp-content\/uploads\/2022\/10\/Pied-de-page_plancher_01.webp","contentUrl":"https:\/\/www.planchersgsm.com\/wp-content\/uploads\/2022\/10\/Pied-de-page_plancher_01.webp","width":1794,"height":898},{"@type":"BreadcrumbList","@id":"https:\/\/www.planchersgsm.com\/a-propos\/#breadcrumb","itemListElement":[{"@type":"ListItem","position":1,"name":"Accueil","item":"https:\/\/www.planchersgsm.com\/fr\/"},{"@type":"ListItem","position":2,"name":"\u00c0 propos"}]},{"@type":"WebSite","@id":"https:\/\/www.planchersgsm.com\/#website","url":"https:\/\/www.planchersgsm.com\/","name":"Planchers GSM","description":"Plancher GSM est le sp&eacute;cialiste du rev&ecirc;tement de sol sur la Rive-Sud de Montr&eacute;al.","publisher":{"@id":"https:\/\/www.planchersgsm.com\/#organization"},"potentialAction":[{"@type":"SearchAction","target":{"@type":"EntryPoint","urlTemplate":"https:\/\/www.planchersgsm.com\/?s={search_term_string}"},"query-input":{"@type":"PropertyValueSpecification","valueRequired":true,"valueName":"search_term_string"}}],"inLanguage":"en-CA"},{"@type":"Organization","@id":"https:\/\/www.planchersgsm.com\/#organization","name":"Planchers GSM","url":"https:\/\/www.planchersgsm.com\/","logo":{"@type":"ImageObject","inLanguage":"en-CA","@id":"https:\/\/www.planchersgsm.com\/#\/schema\/logo\/image\/","url":"https:\/\/www.planchersgsm.com\/wp-content\/uploads\/2023\/10\/FAVicon_PGSM.png","contentUrl":"https:\/\/www.planchersgsm.com\/wp-content\/uploads\/2023\/10\/FAVicon_PGSM.png","width":151,"height":151,"caption":"Planchers GSM"},"image":{"@id":"https:\/\/www.planchersgsm.com\/#\/schema\/logo\/image\/"},"sameAs":["https:\/\/www.facebook.com\/DecoSurfacesLaPrairieQC","https:\/\/www.linkedin.com\/company\/planchers-gsm-la-prairie\/"]}]}},"_links":{"self":[{"href":"https:\/\/www.planchersgsm.com\/en\/wp-json\/wp\/v2\/pages\/812","targetHints":{"allow":["GET"]}}],"collection":[{"href":"https:\/\/www.planchersgsm.com\/en\/wp-json\/wp\/v2\/pages"}],"about":[{"href":"https:\/\/www.planchersgsm.com\/en\/wp-json\/wp\/v2\/types\/page"}],"author":[{"embeddable":true,"href":"https:\/\/www.planchersgsm.com\/en\/wp-json\/wp\/v2\/users\/1"}],"replies":[{"embeddable":true,"href":"https:\/\/www.planchersgsm.com\/en\/wp-json\/wp\/v2\/comments?post=812"}],"version-history":[{"count":1,"href":"https:\/\/www.planchersgsm.com\/en\/wp-json\/wp\/v2\/pages\/812\/revisions"}],"predecessor-version":[{"id":990192,"href":"https:\/\/www.planchersgsm.com\/en\/wp-json\/wp\/v2\/pages\/812\/revisions\/990192"}],"wp:featuredmedia":[{"embeddable":true,"href":"https:\/\/www.planchersgsm.com\/en\/wp-json\/wp\/v2\/media\/988221"}],"wp:attachment":[{"href":"https:\/\/www.planchersgsm.com\/en\/wp-json\/wp\/v2\/media?parent=812"}],"curies":[{"name":"wp","href":"https:\/\/api.w.org\/{rel}","templated":true}]}}