{"id":3,"date":"2023-10-10T22:00:28","date_gmt":"2023-10-11T02:00:28","guid":{"rendered":"https:\/\/konstruktion.vamtam.com\/?page_id=3"},"modified":"2023-10-10T22:59:35","modified_gmt":"2023-10-11T02:59:35","slug":"politique-de-confidentialite","status":"publish","type":"page","link":"https:\/\/www.planchersgsm.com\/en\/politique-de-confidentialite\/","title":{"rendered":"Privacy Policy"},"content":{"rendered":"<div data-elementor-type=\"wp-page\" data-elementor-id=\"3\" class=\"elementor elementor-3\" data-elementor-post-type=\"page\">\n\t\t\t\t\t\t<section class=\"elementor-section elementor-top-section elementor-element elementor-element-3752e3f elementor-section-boxed elementor-section-height-default elementor-section-height-default\" data-id=\"3752e3f\" data-element_type=\"section\" data-e-type=\"section\">\n\t\t\t\t\t\t<div class=\"elementor-container elementor-column-gap-no\">\n\t\t\t\t\t<div class=\"elementor-column elementor-col-50 elementor-top-column elementor-element elementor-element-e5e5eb0\" data-id=\"e5e5eb0\" data-element_type=\"column\" data-e-type=\"column\">\n\t\t\t<div class=\"elementor-widget-wrap elementor-element-populated\">\n\t\t\t\t\t\t<div class=\"elementor-element elementor-element-3da94fd elementor-position-inline-end elementor-widget__width-auto elementor-mobile-position-inline-end elementor-widget-mobile__width-auto elementor-view-default elementor-invisible elementor-widget elementor-widget-icon-box\" data-id=\"3da94fd\" data-element_type=\"widget\" data-e-type=\"widget\" data-settings=\"{&quot;_animation&quot;:&quot;slideInUp&quot;}\" data-widget_type=\"icon-box.default\">\n\t\t\t\t<div class=\"elementor-widget-container\">\n\t\t\t\t\t\t\t<div class=\"elementor-icon-box-wrapper\">\n\n\t\t\t\t\t\t<div class=\"elementor-icon-box-icon\">\n\t\t\t\t<span  class=\"elementor-icon\">\n\t\t\t\t<i aria-hidden=\"true\" class=\"vamtamtheme- vamtam-theme-line-titles\"><\/i>\t\t\t\t<\/span>\n\t\t\t<\/div>\n\t\t\t\n\t\t\t\t\t\t<div class=\"elementor-icon-box-content\">\n\n\t\t\t\t\t\t\t\t\t<span class=\"elementor-icon-box-title\">\n\t\t\t\t\t\t<span  >\n\t\t\t\t\t\t\tPolitiques\t\t\t\t\t\t<\/span>\n\t\t\t\t\t<\/span>\n\t\t\t\t\n\t\t\t\t\n\t\t\t<\/div>\n\t\t\t\n\t\t<\/div>\n\t\t\t\t\t\t<\/div>\n\t\t\t\t<\/div>\n\t\t\t\t\t<\/div>\n\t\t<\/div>\n\t\t\t\t<div class=\"elementor-column elementor-col-50 elementor-top-column elementor-element elementor-element-497e17e\" data-id=\"497e17e\" data-element_type=\"column\" data-e-type=\"column\">\n\t\t\t<div class=\"elementor-widget-wrap\">\n\t\t\t\t\t\t\t<\/div>\n\t\t<\/div>\n\t\t\t\t\t<\/div>\n\t\t<\/section>\n\t\t\t\t<section class=\"elementor-section elementor-top-section elementor-element elementor-element-75e9d0c elementor-section-boxed elementor-section-height-default elementor-section-height-default\" data-id=\"75e9d0c\" data-element_type=\"section\" data-e-type=\"section\">\n\t\t\t\t\t\t<div class=\"elementor-container elementor-column-gap-no\">\n\t\t\t\t\t<div class=\"elementor-column elementor-col-100 elementor-top-column elementor-element elementor-element-1b11d4e\" data-id=\"1b11d4e\" data-element_type=\"column\" data-e-type=\"column\">\n\t\t\t<div class=\"elementor-widget-wrap elementor-element-populated\">\n\t\t\t\t\t\t<div class=\"elementor-element elementor-element-77d23c3 elementor-widget elementor-widget-heading\" data-id=\"77d23c3\" data-element_type=\"widget\" data-e-type=\"widget\" data-widget_type=\"heading.default\">\n\t\t\t\t<div class=\"elementor-widget-container\">\n\t\t\t\t\t<h3 class=\"elementor-heading-title elementor-size-default\">Introduction<\/h3>\t\t\t\t<\/div>\n\t\t\t\t<\/div>\n\t\t\t\t<div class=\"vamtam-has-theme-widget-styles elementor-element elementor-element-4e48e24 elementor-widget elementor-widget-text-editor\" data-id=\"4e48e24\" data-element_type=\"widget\" data-e-type=\"widget\" data-widget_type=\"text-editor.default\">\n\t\t\t\t<div class=\"elementor-widget-container\">\n\t\t\t\t\t\t\t\t\t<p>At Planchers GSM, accessible from <a href=\"https:\/\/www.planchersgsm.com\">https:\/\/www.planchersgsm.com\/en<\/a>, one of our main priorities is the privacy of our visitors. This privacy policy document contains types of information collected and recorded by Planchers GSM and how we use it.<\/p><p>If you have any additional questions or need more information about our privacy policy, feel free to contact us.<\/p><p>This privacy policy applies only to our online activities and is valid for visitors to our website regarding the information that they shared and\/or collect in Planchers GSM. This policy is not applicable to any information collected offline or via channels other than this website. Our privacy policy has been created with the help of the. <a href=\"https:\/\/www.privacypolicygenerator.info\/#wizard\">G\u00e9n\u00e9rateur de d\u00e9clarations de protection de la vie priv\u00e9e<\/a>.<\/p>\t\t\t\t\t\t\t\t<\/div>\n\t\t\t\t<\/div>\n\t\t\t\t<div class=\"elementor-element elementor-element-be93070 elementor-widget elementor-widget-heading\" data-id=\"be93070\" data-element_type=\"widget\" data-e-type=\"widget\" data-widget_type=\"heading.default\">\n\t\t\t\t<div class=\"elementor-widget-container\">\n\t\t\t\t\t<h3 class=\"elementor-heading-title elementor-size-default\">Consent<\/h3>\t\t\t\t<\/div>\n\t\t\t\t<\/div>\n\t\t\t\t<div class=\"vamtam-has-theme-widget-styles elementor-element elementor-element-2903ba0 elementor-widget elementor-widget-text-editor\" data-id=\"2903ba0\" data-element_type=\"widget\" data-e-type=\"widget\" data-widget_type=\"text-editor.default\">\n\t\t\t\t<div class=\"elementor-widget-container\">\n\t\t\t\t\t\t\t\t\t<p>By using our website, you hereby consent to our privacy policy and agree to its terms.<\/p>\t\t\t\t\t\t\t\t<\/div>\n\t\t\t\t<\/div>\n\t\t\t\t<div class=\"elementor-element elementor-element-7ca0a89 elementor-widget elementor-widget-heading\" data-id=\"7ca0a89\" data-element_type=\"widget\" data-e-type=\"widget\" data-widget_type=\"heading.default\">\n\t\t\t\t<div class=\"elementor-widget-container\">\n\t\t\t\t\t<h3 class=\"elementor-heading-title elementor-size-default\">The information we collect<\/h3>\t\t\t\t<\/div>\n\t\t\t\t<\/div>\n\t\t\t\t<div class=\"vamtam-has-theme-widget-styles elementor-element elementor-element-1eb71bd elementor-widget elementor-widget-text-editor\" data-id=\"1eb71bd\" data-element_type=\"widget\" data-e-type=\"widget\" data-widget_type=\"text-editor.default\">\n\t\t\t\t<div class=\"elementor-widget-container\">\n\t\t\t\t\t\t\t\t\t<p>The personal information that you are asked to provide, and the reasons for which you are asked to provide it, will be explained to you clearly at the time we ask you to provide your personal information.<\/p><p>If you contact us directly, we may receive additional information about you such as your name, email address, phone number, the contents of the message and\/or attachments you may send us, and any other information you may choose to provide.<\/p><p>When you register for an account, we may ask for your contact information, including items such as name, company name, address, email address, and phone number.<\/p>\t\t\t\t\t\t\t\t<\/div>\n\t\t\t\t<\/div>\n\t\t\t\t<div class=\"elementor-element elementor-element-81700fc elementor-widget elementor-widget-heading\" data-id=\"81700fc\" data-element_type=\"widget\" data-e-type=\"widget\" data-widget_type=\"heading.default\">\n\t\t\t\t<div class=\"elementor-widget-container\">\n\t\t\t\t\t<h3 class=\"elementor-heading-title elementor-size-default\">How we use your information<\/h3>\t\t\t\t<\/div>\n\t\t\t\t<\/div>\n\t\t\t\t<div class=\"vamtam-has-theme-widget-styles elementor-element elementor-element-9325ec1 elementor-widget elementor-widget-text-editor\" data-id=\"9325ec1\" data-element_type=\"widget\" data-e-type=\"widget\" data-widget_type=\"text-editor.default\">\n\t\t\t\t<div class=\"elementor-widget-container\">\n\t\t\t\t\t\t\t\t\t<p>We use the information we collect in various ways, including to:<\/p><ul><li>Develop, operate, and maintain our website.<\/li><li>Improve, personalize, and develop our website.<\/li><li>Understand and analyze how you use our website.<\/li><li>Develop new products, services, and features.<\/li><li>Communicate with you, either directly or through one of our partners, including customer service, to provide you with updates and other information related to the website, and for marketing and promotional purposes.<\/li><li>Send you emails.<\/li><li>Find and prevent fraud.<\/li><\/ul>\t\t\t\t\t\t\t\t<\/div>\n\t\t\t\t<\/div>\n\t\t\t\t<div class=\"elementor-element elementor-element-b26bb8b elementor-widget elementor-widget-heading\" data-id=\"b26bb8b\" data-element_type=\"widget\" data-e-type=\"widget\" data-widget_type=\"heading.default\">\n\t\t\t\t<div class=\"elementor-widget-container\">\n\t\t\t\t\t<h3 class=\"elementor-heading-title elementor-size-default\">Log Files<\/h3>\t\t\t\t<\/div>\n\t\t\t\t<\/div>\n\t\t\t\t<div class=\"vamtam-has-theme-widget-styles elementor-element elementor-element-b92edec elementor-widget elementor-widget-text-editor\" data-id=\"b92edec\" data-element_type=\"widget\" data-e-type=\"widget\" data-widget_type=\"text-editor.default\">\n\t\t\t\t<div class=\"elementor-widget-container\">\n\t\t\t\t\t\t\t\t\t<p>Planchers GSM follows a standard procedure of using log files. These files log visitors when they visit websites. All hosting companies do this and are a part of hosting services' analytics. The information collected by log files includes internet protocol (IP) addresses, browser type, Internet Service Provider (ISP), date and time stamp, referring\/exit pages, and possibly the number of clicks. These are not linked to any personally identifiable information. The purpose of this information is to analyze trends, administer the site, track users' movements on the website, and gather demographic information.<\/p>\t\t\t\t\t\t\t\t<\/div>\n\t\t\t\t<\/div>\n\t\t\t\t<div class=\"elementor-element elementor-element-e3298ce elementor-widget elementor-widget-heading\" data-id=\"e3298ce\" data-element_type=\"widget\" data-e-type=\"widget\" data-widget_type=\"heading.default\">\n\t\t\t\t<div class=\"elementor-widget-container\">\n\t\t\t\t\t<h3 class=\"elementor-heading-title elementor-size-default\">Cookies and Web Beacons.<\/h3>\t\t\t\t<\/div>\n\t\t\t\t<\/div>\n\t\t\t\t<div class=\"vamtam-has-theme-widget-styles elementor-element elementor-element-713251c elementor-widget elementor-widget-text-editor\" data-id=\"713251c\" data-element_type=\"widget\" data-e-type=\"widget\" data-widget_type=\"text-editor.default\">\n\t\t\t\t<div class=\"elementor-widget-container\">\n\t\t\t\t\t\t\t\t\t<p>Like any other website, Planchers GSM uses cookies. These cookies are used to store information, including visitor preferences and the pages of the website that the visitor accessed or visited. The information collected through cookies is used to enhance the user experience by personalizing the website content based on the visitor's browser type and other similar information. Cookies help in understanding how visitors interact with the website, allowing for content and navigation optimization to provide a better user experience.<\/p><p>For more general information about cookies, please read:\u00a0<a href=\"https:\/\/priv.gc.ca\/fr\/sujets-lies-a-la-protection-de-la-vie-privee\/technologie\/protection-de-la-vie-privee-en-ligne-surveillance-et-temoins\/temoins\/02_05_d_49\/\" target=\"_blank\" rel=\"noopener\">Cookies and Web Tracking.<\/a>.<\/p>\t\t\t\t\t\t\t\t<\/div>\n\t\t\t\t<\/div>\n\t\t\t\t<div class=\"elementor-element elementor-element-e913b44 elementor-widget elementor-widget-heading\" data-id=\"e913b44\" data-element_type=\"widget\" data-e-type=\"widget\" data-widget_type=\"heading.default\">\n\t\t\t\t<div class=\"elementor-widget-container\">\n\t\t\t\t\t<h3 class=\"elementor-heading-title elementor-size-default\">Privacy Policies of Advertising Partners.<\/h3>\t\t\t\t<\/div>\n\t\t\t\t<\/div>\n\t\t\t\t<div class=\"vamtam-has-theme-widget-styles elementor-element elementor-element-9b1c691 elementor-widget elementor-widget-text-editor\" data-id=\"9b1c691\" data-element_type=\"widget\" data-e-type=\"widget\" data-widget_type=\"text-editor.default\">\n\t\t\t\t<div class=\"elementor-widget-container\">\n\t\t\t\t\t\t\t\t\t<p>Third-party advertising servers or ad networks use technologies such as cookies, JavaScript, or web beacons that are employed in their respective advertisements and links appearing on Planchers GSM. These are sent directly to users' browsers, and they automatically receive your IP address when this happens. These technologies are utilized to measure the effectiveness of their advertising campaigns and\/or to personalize the advertising content that you encounter on the websites you visit.<\/p><p>Please note that Planchers GSM has no access to or control over these cookies used by third-party advertisers.<\/p>\t\t\t\t\t\t\t\t<\/div>\n\t\t\t\t<\/div>\n\t\t\t\t<div class=\"elementor-element elementor-element-f45d6f4 elementor-widget elementor-widget-heading\" data-id=\"f45d6f4\" data-element_type=\"widget\" data-e-type=\"widget\" data-widget_type=\"heading.default\">\n\t\t\t\t<div class=\"elementor-widget-container\">\n\t\t\t\t\t<h3 class=\"elementor-heading-title elementor-size-default\">Third-Party Privacy Policies<\/h3>\t\t\t\t<\/div>\n\t\t\t\t<\/div>\n\t\t\t\t<div class=\"vamtam-has-theme-widget-styles elementor-element elementor-element-41dd3a3 elementor-widget elementor-widget-text-editor\" data-id=\"41dd3a3\" data-element_type=\"widget\" data-e-type=\"widget\" data-widget_type=\"text-editor.default\">\n\t\t\t\t<div class=\"elementor-widget-container\">\n\t\t\t\t\t\t\t\t\t<p>Planchers GSM's privacy policy does not apply to other advertisers or websites. Therefore, we recommend that you consult the respective privacy policies of these third-party advertising servers for more detailed information. It may include their practices and instructions on how to opt out of certain options.<\/p><p>You can choose to disable cookies through the options in your individual browser. More detailed information on managing cookies with specific web browsers is available on the respective browser's websites.<\/p>\t\t\t\t\t\t\t\t<\/div>\n\t\t\t\t<\/div>\n\t\t\t\t<div class=\"elementor-element elementor-element-23e2a7c elementor-widget elementor-widget-heading\" data-id=\"23e2a7c\" data-element_type=\"widget\" data-e-type=\"widget\" data-widget_type=\"heading.default\">\n\t\t\t\t<div class=\"elementor-widget-container\">\n\t\t\t\t\t<h3 class=\"elementor-heading-title elementor-size-default\">Data Protection Rights (GDPR).<\/h3>\t\t\t\t<\/div>\n\t\t\t\t<\/div>\n\t\t\t\t<div class=\"vamtam-has-theme-widget-styles elementor-element elementor-element-71b1773 elementor-widget elementor-widget-text-editor\" data-id=\"71b1773\" data-element_type=\"widget\" data-e-type=\"widget\" data-widget_type=\"text-editor.default\">\n\t\t\t\t<div class=\"elementor-widget-container\">\n\t\t\t\t\t\t\t\t\t<p>We want to make sure you are fully aware of all your data protection rights. Every user is entitled to the following:<\/p><p>The right to access \u2013 You have the right to request copies of your personal data. We may charge you a small fee for this service.<\/p><p>The right to rectification \u2013 You have the right to request that we correct any information you believe is inaccurate. You also have the right to request that we complete the information you believe is incomplete.<\/p><p>The right to erasure \u2013 You have the right to request that we erase your personal data, under certain conditions.<\/p><p>The right to restrict processing \u2013 You have the right to request that we restrict the processing of your personal data, under certain conditions.<\/p><p>The right to data portability \u2013 You have the right to request that we transfer the data that we have collected to another organization, or directly to you, under certain conditions.<\/p><p>If you make a request, we have one month to respond to you. If you would like to exercise any of these rights, please contact us.<\/p>\t\t\t\t\t\t\t\t<\/div>\n\t\t\t\t<\/div>\n\t\t\t\t\t<\/div>\n\t\t<\/div>\n\t\t\t\t\t<\/div>\n\t\t<\/section>\n\t\t\t\t<\/div>","protected":false},"excerpt":{"rendered":"<p>Politiques Introduction Chez Planchers GSM, accessible \u00e0 partir de https:\/\/www.planchersgsm.com, l\u2019une de nos principales priorit\u00e9s est la confidentialit\u00e9 de nos visiteurs. Ce document de politique de confidentialit\u00e9 contient des types d\u2019informations recueillies et enregistr\u00e9es par Planchers GSM et comment nous les utilisons. Si vous avez des questions suppl\u00e9mentaires ou avez besoin de plus d\u2019informations sur&#8230;<\/p>","protected":false},"author":1,"featured_media":0,"parent":0,"menu_order":0,"comment_status":"closed","ping_status":"closed","template":"","meta":{"footnotes":""},"class_list":["post-3","page","type-page","status-publish","hentry"],"yoast_head":"<!-- This site is optimized with the Yoast SEO plugin v27.4 - https:\/\/yoast.com\/product\/yoast-seo-wordpress\/ -->\n<title>Politique de confidentialit\u00e9 - Planchers GSM<\/title>\n<meta name=\"robots\" content=\"index, follow, max-snippet:-1, max-image-preview:large, max-video-preview:-1\" \/>\n<link rel=\"canonical\" href=\"https:\/\/www.planchersgsm.com\/en\/politique-de-confidentialite\/\" \/>\n<meta property=\"og:locale\" content=\"en_US\" \/>\n<meta property=\"og:type\" content=\"article\" \/>\n<meta property=\"og:title\" content=\"Politique de confidentialit\u00e9 - Planchers GSM\" \/>\n<meta property=\"og:description\" content=\"Politiques Introduction Chez Planchers GSM, accessible \u00e0 partir de https:\/\/www.planchersgsm.com, l\u2019une de nos principales priorit\u00e9s est la confidentialit\u00e9 de nos visiteurs. Ce document de politique de confidentialit\u00e9 contient des types d\u2019informations recueillies et enregistr\u00e9es par Planchers GSM et comment nous les utilisons. Si vous avez des questions suppl\u00e9mentaires ou avez besoin de plus d\u2019informations sur...\" \/>\n<meta property=\"og:url\" content=\"https:\/\/www.planchersgsm.com\/en\/politique-de-confidentialite\/\" \/>\n<meta property=\"og:site_name\" content=\"Planchers GSM\" \/>\n<meta property=\"article:publisher\" content=\"https:\/\/www.facebook.com\/DecoSurfacesLaPrairieQC\" \/>\n<meta property=\"article:modified_time\" content=\"2023-10-11T02:59:35+00:00\" \/>\n<meta property=\"og:image\" content=\"https:\/\/www.planchersgsm.com\/wp-content\/uploads\/2023\/10\/zoom-6.jpg\" \/>\n\t<meta property=\"og:image:width\" content=\"2400\" \/>\n\t<meta property=\"og:image:height\" content=\"1850\" \/>\n\t<meta property=\"og:image:type\" content=\"image\/jpeg\" \/>\n<meta name=\"twitter:card\" content=\"summary_large_image\" \/>\n<meta name=\"twitter:label1\" content=\"Est. reading time\" \/>\n\t<meta name=\"twitter:data1\" content=\"5 minutes\" \/>\n<script type=\"application\/ld+json\" class=\"yoast-schema-graph\">{\"@context\":\"https:\\\/\\\/schema.org\",\"@graph\":[{\"@type\":\"WebPage\",\"@id\":\"https:\\\/\\\/www.planchersgsm.com\\\/fr\\\/politique-de-confidentialite\\\/\",\"url\":\"https:\\\/\\\/www.planchersgsm.com\\\/fr\\\/politique-de-confidentialite\\\/\",\"name\":\"Politique de confidentialit\u00e9 - Planchers GSM\",\"isPartOf\":{\"@id\":\"https:\\\/\\\/www.planchersgsm.com\\\/#website\"},\"datePublished\":\"2023-10-11T02:00:28+00:00\",\"dateModified\":\"2023-10-11T02:59:35+00:00\",\"breadcrumb\":{\"@id\":\"https:\\\/\\\/www.planchersgsm.com\\\/fr\\\/politique-de-confidentialite\\\/#breadcrumb\"},\"inLanguage\":\"en-CA\",\"potentialAction\":[{\"@type\":\"ReadAction\",\"target\":[\"https:\\\/\\\/www.planchersgsm.com\\\/fr\\\/politique-de-confidentialite\\\/\"]}]},{\"@type\":\"BreadcrumbList\",\"@id\":\"https:\\\/\\\/www.planchersgsm.com\\\/fr\\\/politique-de-confidentialite\\\/#breadcrumb\",\"itemListElement\":[{\"@type\":\"ListItem\",\"position\":1,\"name\":\"Accueil\",\"item\":\"https:\\\/\\\/www.planchersgsm.com\\\/fr\\\/\"},{\"@type\":\"ListItem\",\"position\":2,\"name\":\"Politique de confidentialit\u00e9\"}]},{\"@type\":\"WebSite\",\"@id\":\"https:\\\/\\\/www.planchersgsm.com\\\/#website\",\"url\":\"https:\\\/\\\/www.planchersgsm.com\\\/\",\"name\":\"Planchers GSM\",\"description\":\"Plancher GSM est le sp&eacute;cialiste du rev&ecirc;tement de sol sur la Rive-Sud de Montr&eacute;al.\",\"publisher\":{\"@id\":\"https:\\\/\\\/www.planchersgsm.com\\\/#organization\"},\"potentialAction\":[{\"@type\":\"SearchAction\",\"target\":{\"@type\":\"EntryPoint\",\"urlTemplate\":\"https:\\\/\\\/www.planchersgsm.com\\\/?s={search_term_string}\"},\"query-input\":{\"@type\":\"PropertyValueSpecification\",\"valueRequired\":true,\"valueName\":\"search_term_string\"}}],\"inLanguage\":\"en-CA\"},{\"@type\":\"Organization\",\"@id\":\"https:\\\/\\\/www.planchersgsm.com\\\/#organization\",\"name\":\"Planchers GSM\",\"url\":\"https:\\\/\\\/www.planchersgsm.com\\\/\",\"logo\":{\"@type\":\"ImageObject\",\"inLanguage\":\"en-CA\",\"@id\":\"https:\\\/\\\/www.planchersgsm.com\\\/#\\\/schema\\\/logo\\\/image\\\/\",\"url\":\"https:\\\/\\\/www.planchersgsm.com\\\/wp-content\\\/uploads\\\/2023\\\/10\\\/FAVicon_PGSM.png\",\"contentUrl\":\"https:\\\/\\\/www.planchersgsm.com\\\/wp-content\\\/uploads\\\/2023\\\/10\\\/FAVicon_PGSM.png\",\"width\":151,\"height\":151,\"caption\":\"Planchers GSM\"},\"image\":{\"@id\":\"https:\\\/\\\/www.planchersgsm.com\\\/#\\\/schema\\\/logo\\\/image\\\/\"},\"sameAs\":[\"https:\\\/\\\/www.facebook.com\\\/DecoSurfacesLaPrairieQC\",\"https:\\\/\\\/www.linkedin.com\\\/company\\\/planchers-gsm-la-prairie\\\/\"]}]}<\/script>\n<!-- \/ Yoast SEO plugin. -->","yoast_head_json":{"title":"Politique de confidentialit\u00e9 - Planchers GSM","robots":{"index":"index","follow":"follow","max-snippet":"max-snippet:-1","max-image-preview":"max-image-preview:large","max-video-preview":"max-video-preview:-1"},"canonical":"https:\/\/www.planchersgsm.com\/en\/politique-de-confidentialite\/","og_locale":"en_US","og_type":"article","og_title":"Politique de confidentialit\u00e9 - Planchers GSM","og_description":"Politiques Introduction Chez Planchers GSM, accessible \u00e0 partir de https:\/\/www.planchersgsm.com, l\u2019une de nos principales priorit\u00e9s est la confidentialit\u00e9 de nos visiteurs. Ce document de politique de confidentialit\u00e9 contient des types d\u2019informations recueillies et enregistr\u00e9es par Planchers GSM et comment nous les utilisons. Si vous avez des questions suppl\u00e9mentaires ou avez besoin de plus d\u2019informations sur...","og_url":"https:\/\/www.planchersgsm.com\/en\/politique-de-confidentialite\/","og_site_name":"Planchers GSM","article_publisher":"https:\/\/www.facebook.com\/DecoSurfacesLaPrairieQC","article_modified_time":"2023-10-11T02:59:35+00:00","og_image":[{"width":2400,"height":1850,"url":"https:\/\/www.planchersgsm.com\/wp-content\/uploads\/2023\/10\/zoom-6.jpg","type":"image\/jpeg"}],"twitter_card":"summary_large_image","twitter_misc":{"Est. reading time":"5 minutes"},"schema":{"@context":"https:\/\/schema.org","@graph":[{"@type":"WebPage","@id":"https:\/\/www.planchersgsm.com\/fr\/politique-de-confidentialite\/","url":"https:\/\/www.planchersgsm.com\/fr\/politique-de-confidentialite\/","name":"Politique de confidentialit\u00e9 - Planchers GSM","isPartOf":{"@id":"https:\/\/www.planchersgsm.com\/#website"},"datePublished":"2023-10-11T02:00:28+00:00","dateModified":"2023-10-11T02:59:35+00:00","breadcrumb":{"@id":"https:\/\/www.planchersgsm.com\/fr\/politique-de-confidentialite\/#breadcrumb"},"inLanguage":"en-CA","potentialAction":[{"@type":"ReadAction","target":["https:\/\/www.planchersgsm.com\/fr\/politique-de-confidentialite\/"]}]},{"@type":"BreadcrumbList","@id":"https:\/\/www.planchersgsm.com\/fr\/politique-de-confidentialite\/#breadcrumb","itemListElement":[{"@type":"ListItem","position":1,"name":"Accueil","item":"https:\/\/www.planchersgsm.com\/fr\/"},{"@type":"ListItem","position":2,"name":"Politique de confidentialit\u00e9"}]},{"@type":"WebSite","@id":"https:\/\/www.planchersgsm.com\/#website","url":"https:\/\/www.planchersgsm.com\/","name":"Planchers GSM","description":"Plancher GSM est le sp&eacute;cialiste du rev&ecirc;tement de sol sur la Rive-Sud de Montr&eacute;al.","publisher":{"@id":"https:\/\/www.planchersgsm.com\/#organization"},"potentialAction":[{"@type":"SearchAction","target":{"@type":"EntryPoint","urlTemplate":"https:\/\/www.planchersgsm.com\/?s={search_term_string}"},"query-input":{"@type":"PropertyValueSpecification","valueRequired":true,"valueName":"search_term_string"}}],"inLanguage":"en-CA"},{"@type":"Organization","@id":"https:\/\/www.planchersgsm.com\/#organization","name":"Planchers GSM","url":"https:\/\/www.planchersgsm.com\/","logo":{"@type":"ImageObject","inLanguage":"en-CA","@id":"https:\/\/www.planchersgsm.com\/#\/schema\/logo\/image\/","url":"https:\/\/www.planchersgsm.com\/wp-content\/uploads\/2023\/10\/FAVicon_PGSM.png","contentUrl":"https:\/\/www.planchersgsm.com\/wp-content\/uploads\/2023\/10\/FAVicon_PGSM.png","width":151,"height":151,"caption":"Planchers GSM"},"image":{"@id":"https:\/\/www.planchersgsm.com\/#\/schema\/logo\/image\/"},"sameAs":["https:\/\/www.facebook.com\/DecoSurfacesLaPrairieQC","https:\/\/www.linkedin.com\/company\/planchers-gsm-la-prairie\/"]}]}},"_links":{"self":[{"href":"https:\/\/www.planchersgsm.com\/en\/wp-json\/wp\/v2\/pages\/3","targetHints":{"allow":["GET"]}}],"collection":[{"href":"https:\/\/www.planchersgsm.com\/en\/wp-json\/wp\/v2\/pages"}],"about":[{"href":"https:\/\/www.planchersgsm.com\/en\/wp-json\/wp\/v2\/types\/page"}],"author":[{"embeddable":true,"href":"https:\/\/www.planchersgsm.com\/en\/wp-json\/wp\/v2\/users\/1"}],"replies":[{"embeddable":true,"href":"https:\/\/www.planchersgsm.com\/en\/wp-json\/wp\/v2\/comments?post=3"}],"version-history":[{"count":0,"href":"https:\/\/www.planchersgsm.com\/en\/wp-json\/wp\/v2\/pages\/3\/revisions"}],"wp:attachment":[{"href":"https:\/\/www.planchersgsm.com\/en\/wp-json\/wp\/v2\/media?parent=3"}],"curies":[{"name":"wp","href":"https:\/\/api.w.org\/{rel}","templated":true}]}}